{"id":334,"date":"2025-02-23T13:21:12","date_gmt":"2025-02-23T13:21:12","guid":{"rendered":"https:\/\/szokeshoes.com\/?post_type=product&#038;p=334"},"modified":"2025-06-05T07:27:53","modified_gmt":"2025-06-05T07:27:53","slug":"pine-valley","status":"publish","type":"product","link":"https:\/\/szokeshoes.com\/en\/product\/pine-valley\/","title":{"rendered":"Pine Valley"},"content":{"rendered":"","protected":false},"excerpt":{"rendered":"<p data-start=\"0\" data-end=\"12\">DETAILS:<\/p>\n<p data-start=\"14\" data-end=\"94\" data-is-last-node=\"\" data-is-only-node=\"\">GULF HEATER<br data-start=\"28\" data-end=\"31\" \/>FEH\u00c9R BORJ\u00daB\u0150R<br data-start=\"45\" data-end=\"48\" \/>GLUED RUBBER DIAPHRAGM<br data-start=\"67\" data-end=\"70\" \/>INTEGRATED SPIKES<br data-start=\"86\" data-end=\"89\" \/>SPORT<\/p>","protected":false},"featured_media":335,"comment_status":"open","ping_status":"closed","template":"","meta":{"_seopress_robots_primary_cat":"none","_seopress_titles_title":"","_seopress_titles_desc":"","_seopress_robots_index":""},"product_brand":[],"product_cat":[21],"product_tag":[],"class_list":{"0":"post-334","1":"product","2":"type-product","3":"status-publish","4":"has-post-thumbnail","6":"product_cat-sneakerek","7":"sales-flash-overlay","8":"woocommerce-text-align-center","9":"woocommerce-image-align-center","10":"do-quantity-buttons","12":"first","13":"instock","14":"shipping-taxable","15":"product-type-simple"},"_links":{"self":[{"href":"https:\/\/szokeshoes.com\/en\/wp-json\/wp\/v2\/product\/334","targetHints":{"allow":["GET"]}}],"collection":[{"href":"https:\/\/szokeshoes.com\/en\/wp-json\/wp\/v2\/product"}],"about":[{"href":"https:\/\/szokeshoes.com\/en\/wp-json\/wp\/v2\/types\/product"}],"replies":[{"embeddable":true,"href":"https:\/\/szokeshoes.com\/en\/wp-json\/wp\/v2\/comments?post=334"}],"wp:featuredmedia":[{"embeddable":true,"href":"https:\/\/szokeshoes.com\/en\/wp-json\/wp\/v2\/media\/335"}],"wp:attachment":[{"href":"https:\/\/szokeshoes.com\/en\/wp-json\/wp\/v2\/media?parent=334"}],"wp:term":[{"taxonomy":"product_brand","embeddable":true,"href":"https:\/\/szokeshoes.com\/en\/wp-json\/wp\/v2\/product_brand?post=334"},{"taxonomy":"product_cat","embeddable":true,"href":"https:\/\/szokeshoes.com\/en\/wp-json\/wp\/v2\/product_cat?post=334"},{"taxonomy":"product_tag","embeddable":true,"href":"https:\/\/szokeshoes.com\/en\/wp-json\/wp\/v2\/product_tag?post=334"}],"curies":[{"name":"wp","href":"https:\/\/api.w.org\/{rel}","templated":true}]}}