{"id":312,"date":"2025-02-23T13:04:39","date_gmt":"2025-02-23T13:04:39","guid":{"rendered":"https:\/\/szokeshoes.com\/?post_type=product&#038;p=312"},"modified":"2025-10-22T12:54:45","modified_gmt":"2025-10-22T12:54:45","slug":"london-02","status":"publish","type":"product","link":"https:\/\/szokeshoes.com\/en\/product\/london-02\/","title":{"rendered":"London-02"},"content":{"rendered":"","protected":false},"excerpt":{"rendered":"<p data-start=\"0\" data-end=\"10\">DETAILS:<\/p>\n<p data-start=\"12\" data-end=\"101\" data-is-last-node=\"\" data-is-only-node=\"\">DOUBLE BUCKLE SHOES<br data-start=\"29\" data-end=\"32\" \/>\u00c9JK\u00c9K BORJ\u00daB\u0150R<br data-start=\"46\" data-end=\"49\" \/>VARROTT B\u0150R TALP<br data-start=\"63\" data-end=\"66\" \/>PLEATED LEATHER HEEL<br data-start=\"86\" data-end=\"89\" \/>LAZA VISELET<\/p>","protected":false},"featured_media":313,"comment_status":"open","ping_status":"closed","template":"","meta":{"_seopress_robots_primary_cat":"none","_seopress_titles_title":"","_seopress_titles_desc":"","_seopress_robots_index":""},"product_brand":[],"product_cat":[29],"product_tag":[],"class_list":{"0":"post-312","1":"product","2":"type-product","3":"status-publish","4":"has-post-thumbnail","6":"product_cat-csatos","7":"sales-flash-overlay","8":"woocommerce-text-align-center","9":"woocommerce-image-align-center","10":"do-quantity-buttons","12":"first","13":"instock","14":"shipping-taxable","15":"product-type-simple"},"_links":{"self":[{"href":"https:\/\/szokeshoes.com\/en\/wp-json\/wp\/v2\/product\/312","targetHints":{"allow":["GET"]}}],"collection":[{"href":"https:\/\/szokeshoes.com\/en\/wp-json\/wp\/v2\/product"}],"about":[{"href":"https:\/\/szokeshoes.com\/en\/wp-json\/wp\/v2\/types\/product"}],"replies":[{"embeddable":true,"href":"https:\/\/szokeshoes.com\/en\/wp-json\/wp\/v2\/comments?post=312"}],"wp:featuredmedia":[{"embeddable":true,"href":"https:\/\/szokeshoes.com\/en\/wp-json\/wp\/v2\/media\/313"}],"wp:attachment":[{"href":"https:\/\/szokeshoes.com\/en\/wp-json\/wp\/v2\/media?parent=312"}],"wp:term":[{"taxonomy":"product_brand","embeddable":true,"href":"https:\/\/szokeshoes.com\/en\/wp-json\/wp\/v2\/product_brand?post=312"},{"taxonomy":"product_cat","embeddable":true,"href":"https:\/\/szokeshoes.com\/en\/wp-json\/wp\/v2\/product_cat?post=312"},{"taxonomy":"product_tag","embeddable":true,"href":"https:\/\/szokeshoes.com\/en\/wp-json\/wp\/v2\/product_tag?post=312"}],"curies":[{"name":"wp","href":"https:\/\/api.w.org\/{rel}","templated":true}]}}